{"id":159,"date":"2017-01-16T23:05:32","date_gmt":"2017-01-16T23:05:32","guid":{"rendered":"http:\/\/socafunpark.black-diamonds.si\/?page_id=159"},"modified":"2022-01-29T22:06:34","modified_gmt":"2022-01-29T21:06:34","slug":"povprasevanje","status":"publish","type":"page","link":"https:\/\/socafunpark.si\/sl\/povprasevanje\/","title":{"rendered":"Povpra\u0161evanje"},"content":{"rendered":"<div id=\"pl-159\"  class=\"panel-layout\" ><div id=\"pg-159-0\"  class=\"panel-grid panel-no-style\" ><div id=\"pgc-159-0-0\"  class=\"panel-grid-cell panel-grid-cell-mobile-last\" ><div id=\"panel-159-0-0-0\" class=\"so-panel widget widget_sow-editor panel-first-child panel-last-child\" data-index=\"0\" ><div\n\t\t\t\n\t\t\tclass=\"so-widget-sow-editor so-widget-sow-editor-base\"\n\t\t\t\n\t\t>\n<div class=\"siteorigin-widget-tinymce textwidget\">\n\t\n<div class=\"wpcf7 no-js\" id=\"wpcf7-f643-o1\" lang=\"en-US\" dir=\"ltr\" data-wpcf7-id=\"643\">\n<div class=\"screen-reader-response\"><p role=\"status\" aria-live=\"polite\" aria-atomic=\"true\"><\/p> <ul><\/ul><\/div>\n<form action=\"\/sl\/wp-json\/wp\/v2\/pages\/159\/#wpcf7-f643-o1\" method=\"post\" class=\"wpcf7-form init reservation-form\" aria-label=\"Contact form\" novalidate=\"novalidate\" data-status=\"init\">\n<fieldset class=\"hidden-fields-container\"><input type=\"hidden\" name=\"_wpcf7\" value=\"643\" \/><input type=\"hidden\" name=\"_wpcf7_version\" value=\"6.1.5\" \/><input type=\"hidden\" name=\"_wpcf7_locale\" value=\"en_US\" \/><input type=\"hidden\" name=\"_wpcf7_unit_tag\" value=\"wpcf7-f643-o1\" \/><input type=\"hidden\" name=\"_wpcf7_container_post\" value=\"0\" \/><input type=\"hidden\" name=\"_wpcf7_posted_data_hash\" value=\"\" \/><input type=\"hidden\" name=\"_wpcf7cf_hidden_group_fields\" value=\"[]\" \/><input type=\"hidden\" name=\"_wpcf7cf_hidden_groups\" value=\"[]\" \/><input type=\"hidden\" name=\"_wpcf7cf_visible_groups\" value=\"[]\" \/><input type=\"hidden\" name=\"_wpcf7cf_repeaters\" value=\"[]\" \/><input type=\"hidden\" name=\"_wpcf7cf_steps\" value=\"{}\" \/><input type=\"hidden\" name=\"_wpcf7cf_options\" value=\"{&quot;form_id&quot;:643,&quot;conditions&quot;:[{&quot;then_field&quot;:&quot;group-1&quot;,&quot;and_rules&quot;:[{&quot;if_field&quot;:&quot;reservation-activity&quot;,&quot;operator&quot;:&quot;equals&quot;,&quot;if_value&quot;:&quot;Pustolovska rojstnodnevna zabava&quot;}]},{&quot;then_field&quot;:&quot;group-2&quot;,&quot;and_rules&quot;:[{&quot;if_field&quot;:&quot;reservation-activity&quot;,&quot;operator&quot;:&quot;equals&quot;,&quot;if_value&quot;:&quot;Team building&quot;}]},{&quot;then_field&quot;:&quot;group-3&quot;,&quot;and_rules&quot;:[{&quot;if_field&quot;:&quot;reservation-activity&quot;,&quot;operator&quot;:&quot;equals&quot;,&quot;if_value&quot;:&quot;Dru\\u017einska in kolesarska do\\u017eivetja&quot;}]},{&quot;then_field&quot;:&quot;group-4&quot;,&quot;and_rules&quot;:[{&quot;if_field&quot;:&quot;reservation-activity&quot;,&quot;operator&quot;:&quot;equals&quot;,&quot;if_value&quot;:&quot;Pustolovska rojstnodnevna zabava&quot;}]},{&quot;then_field&quot;:&quot;group-4-1&quot;,&quot;and_rules&quot;:[{&quot;if_field&quot;:&quot;reservation-cake&quot;,&quot;operator&quot;:&quot;equals&quot;,&quot;if_value&quot;:&quot;\\u017delim torto&quot;}]},{&quot;then_field&quot;:&quot;group-5&quot;,&quot;and_rules&quot;:[{&quot;if_field&quot;:&quot;reservation-activity&quot;,&quot;operator&quot;:&quot;equals&quot;,&quot;if_value&quot;:&quot;Dru\\u017einska in kolesarska do\\u017eivetja&quot;}]},{&quot;then_field&quot;:&quot;group-5-1&quot;,&quot;and_rules&quot;:[{&quot;if_field&quot;:&quot;reservation-bike-rental&quot;,&quot;operator&quot;:&quot;equals&quot;,&quot;if_value&quot;:&quot;\\u017delim najeti kolesa in \\u010delade&quot;}]}],&quot;settings&quot;:{&quot;animation&quot;:&quot;yes&quot;,&quot;animation_intime&quot;:200,&quot;animation_outtime&quot;:200,&quot;conditions_ui&quot;:&quot;normal&quot;,&quot;notice_dismissed&quot;:false,&quot;notice_dismissed_update-cf7-5.7.6&quot;:true,&quot;notice_dismissed_update-cf7-6.0.1&quot;:true,&quot;notice_dismissed_update-cf7-6.0.5&quot;:true}}\" \/><input type=\"hidden\" name=\"_wpcf7_recaptcha_response\" value=\"\" \/>\n<\/fieldset>\n<h3>Osnovne informacije\n<\/h3>\n<div class=\"form-group\">\n\t<p><label for=\"reservation-name\">Ime in priimek*<\/label><br \/>\n<span class=\"wpcf7-form-control-wrap\" data-name=\"reservation-name\"><input size=\"40\" maxlength=\"400\" class=\"wpcf7-form-control wpcf7-text wpcf7-validates-as-required form-control\" aria-required=\"true\" aria-invalid=\"false\" value=\"\" type=\"text\" name=\"reservation-name\" \/><\/span>\n\t<\/p>\n<\/div>\n<div class=\"form-group\">\n\t<p><label for=\"reservation-email\">E-mail*<\/label><br \/>\n<span class=\"wpcf7-form-control-wrap\" data-name=\"reservation-email\"><input size=\"40\" maxlength=\"400\" class=\"wpcf7-form-control wpcf7-email wpcf7-validates-as-required wpcf7-text wpcf7-validates-as-email form-control\" aria-required=\"true\" aria-invalid=\"false\" value=\"\" type=\"email\" name=\"reservation-email\" \/><\/span>\n\t<\/p>\n<\/div>\n<div class=\"form-group\">\n\t<p><label for=\"reservation-phone\">Telefon*<\/label><br \/>\n<span class=\"wpcf7-form-control-wrap\" data-name=\"reservation-phone\"><input size=\"40\" maxlength=\"400\" class=\"wpcf7-form-control wpcf7-tel wpcf7-validates-as-required wpcf7-text wpcf7-validates-as-tel form-control\" aria-required=\"true\" aria-invalid=\"false\" value=\"\" type=\"tel\" name=\"reservation-phone\" \/><\/span>\n\t<\/p>\n<\/div>\n<div class=\"form-group\">\n\t<p><label for=\"activity-date\">\u017deleni datum rezervacije*<\/label><br \/>\n<span class=\"wpcf7-form-control-wrap\" data-name=\"reservation-date\"><input size=\"40\" maxlength=\"400\" class=\"wpcf7-form-control wpcf7-text wpcf7-validates-as-required form-control\" aria-required=\"true\" aria-invalid=\"false\" placeholder=\"dd.mm.yyyy\" value=\"\" type=\"text\" name=\"reservation-date\" \/><\/span>\n\t<\/p>\n<\/div>\n<h3>\u017deleno skupinsko do\u017eivetje\n<\/h3>\n<div class=\"form-group\">\n\t<p><label for=\"reservation-activity\">Do\u017eivetje*<\/label><br \/>\n<span class=\"wpcf7-form-control-wrap\" data-name=\"reservation-activity\"><select class=\"wpcf7-form-control wpcf7-select wpcf7-validates-as-required form-control\" aria-required=\"true\" aria-invalid=\"false\" name=\"reservation-activity\"><option value=\"\">&#8212;Please choose an option&#8212;<\/option><option value=\"Pustolovska rojstnodnevna zabava\">Pustolovska rojstnodnevna zabava<\/option><option value=\"Team building\">Team building<\/option><option value=\"Dru\u017einska in kolesarska do\u017eivetja\">Dru\u017einska in kolesarska do\u017eivetja<\/option><option value=\"Prilagojeni program\">Prilagojeni program<\/option><\/select><\/span>\n\t<\/p>\n<\/div>\n<div data-id=\"group-1\" data-orig_data_id=\"group-1\" data-clear_on_hide class=\"\" data-class=\"wpcf7cf_group\">\n\t<div class=\"form-group\">\n\t\t<p><label for=\"reservation-activity-item\">Paket*<\/label><br \/>\n<span class=\"wpcf7-form-control-wrap\" data-name=\"reservation-activity-item\"><span class=\"wpcf7-form-control wpcf7-checkbox wpcf7-exclusive-checkbox\"><span class=\"wpcf7-list-item first\"><input type=\"checkbox\" name=\"reservation-activity-item\" value=\"Oran\u017ena pustolov\u0161\u010dina\" \/><span class=\"wpcf7-list-item-label\">Oran\u017ena pustolov\u0161\u010dina<\/span><\/span><span class=\"wpcf7-list-item\"><input type=\"checkbox\" name=\"reservation-activity-item\" value=\"Rumena pustolov\u0161\u010dina\" \/><span class=\"wpcf7-list-item-label\">Rumena pustolov\u0161\u010dina<\/span><\/span><span class=\"wpcf7-list-item\"><input type=\"checkbox\" name=\"reservation-activity-item\" value=\"Mavri\u010dna pustolov\u0161\u010dina\" \/><span class=\"wpcf7-list-item-label\">Mavri\u010dna pustolov\u0161\u010dina<\/span><\/span><span class=\"wpcf7-list-item\"><input type=\"checkbox\" name=\"reservation-activity-item\" value=\"Lasertag rojstnodnevna zabava\" \/><span class=\"wpcf7-list-item-label\">Lasertag rojstnodnevna zabava<\/span><\/span><span class=\"wpcf7-list-item\"><input type=\"checkbox\" name=\"reservation-activity-item\" value=\"Rojstnodnevna zabava odrasli\" \/><span class=\"wpcf7-list-item-label\">Rojstnodnevna zabava odrasli<\/span><\/span><span class=\"wpcf7-list-item last\"><input type=\"checkbox\" name=\"reservation-activity-item\" value=\"Lasertag rojstnodnevna zabava odrasli\" \/><span class=\"wpcf7-list-item-label\">Lasertag rojstnodnevna zabava odrasli<\/span><\/span><\/span><\/span>\n\t\t<\/p>\n\t<\/div>\n<\/div>\n<div data-id=\"group-2\" data-orig_data_id=\"group-2\" data-clear_on_hide class=\"\" data-class=\"wpcf7cf_group\">\n\t<div class=\"form-group\">\n\t\t<p><label for=\"reservation-activity-item\">Paket*<\/label><br \/>\n<span class=\"wpcf7-form-control-wrap\" data-name=\"reservation-activity-item\"><span class=\"wpcf7-form-control wpcf7-checkbox wpcf7-exclusive-checkbox\"><span class=\"wpcf7-list-item first\"><input type=\"checkbox\" name=\"reservation-activity-item\" value=\"Popoln dan\" \/><span class=\"wpcf7-list-item-label\">Popoln dan<\/span><\/span><span class=\"wpcf7-list-item\"><input type=\"checkbox\" name=\"reservation-activity-item\" value=\"Po poteh So\u0161ke fronte\" \/><span class=\"wpcf7-list-item-label\">Po poteh So\u0161ke fronte<\/span><\/span><span class=\"wpcf7-list-item\"><input type=\"checkbox\" name=\"reservation-activity-item\" value=\"Vojna in mir\" \/><span class=\"wpcf7-list-item-label\">Vojna in mir<\/span><\/span><span class=\"wpcf7-list-item\"><input type=\"checkbox\" name=\"reservation-activity-item\" value=\"\u010carobna Gori\u0161ka brda\" \/><span class=\"wpcf7-list-item-label\">\u010carobna Gori\u0161ka brda<\/span><\/span><span class=\"wpcf7-list-item last\"><input type=\"checkbox\" name=\"reservation-activity-item\" value=\"Dve Gorici dve dr\u017eavi\" \/><span class=\"wpcf7-list-item-label\">Dve Gorici dve dr\u017eavi<\/span><\/span><\/span><\/span>\n\t\t<\/p>\n\t<\/div>\n<\/div>\n<div data-id=\"group-3\" data-orig_data_id=\"group-3\" data-clear_on_hide class=\"\" data-class=\"wpcf7cf_group\">\n\t<div class=\"form-group\">\n\t\t<p><label for=\"reservation-activity-item\">Paketi*<\/label><br \/>\n<span class=\"wpcf7-form-control-wrap\" data-name=\"reservation-activity-item\"><span class=\"wpcf7-form-control wpcf7-checkbox wpcf7-exclusive-checkbox\"><span class=\"wpcf7-list-item first\"><input type=\"checkbox\" name=\"reservation-activity-item\" value=\"Odkrij Gorici s kolesom\" \/><span class=\"wpcf7-list-item-label\">Odkrij Gorici s kolesom<\/span><\/span><span class=\"wpcf7-list-item\"><input type=\"checkbox\" name=\"reservation-activity-item\" value=\"Po poteh So\u0161ke fronte s kolesom\" \/><span class=\"wpcf7-list-item-label\">Po poteh So\u0161ke fronte s kolesom<\/span><\/span><span class=\"wpcf7-list-item last\"><input type=\"checkbox\" name=\"reservation-activity-item\" value=\"\u010carobna Gori\u0161ka brda, avantura, kolesarjenje in ve\u010d\" \/><span class=\"wpcf7-list-item-label\">\u010carobna Gori\u0161ka brda, avantura, kolesarjenje in ve\u010d<\/span><\/span><\/span><\/span>\n\t\t<\/p>\n\t<\/div>\n<\/div>\n<div class=\"form-group\">\n\t<p><label for=\"reservation-participant\">\u0160tevilo udele\u017eencev*<\/label><br \/>\n<span class=\"wpcf7-form-control-wrap\" data-name=\"reservation-participant\"><input class=\"wpcf7-form-control wpcf7-number wpcf7-validates-as-required wpcf7-validates-as-number form-control\" aria-required=\"true\" aria-invalid=\"false\" value=\"\" type=\"number\" name=\"reservation-participant\" \/><\/span>\n\t<\/p>\n<\/div>\n<div data-id=\"group-4\" data-orig_data_id=\"group-4\" data-clear_on_hide class=\"\" data-class=\"wpcf7cf_group\">\n\t<div class=\"form-group\">\n\t\t<p><label for=\"reservation-cake\">Dodatne mo\u017enosti<\/label><br \/>\n<span class=\"wpcf7-form-control-wrap\" data-name=\"reservation-cake\"><span class=\"wpcf7-form-control wpcf7-checkbox\"><span class=\"wpcf7-list-item first last\"><input type=\"checkbox\" name=\"reservation-cake[]\" value=\"\u017delim torto\" \/><span class=\"wpcf7-list-item-label\">\u017delim torto<\/span><\/span><\/span><\/span>\n\t\t<\/p>\n\t<\/div>\n<\/div>\n<div data-id=\"group-4-1\" data-orig_data_id=\"group-4-1\" data-clear_on_hide class=\"\" data-class=\"wpcf7cf_group\">\n\t<div class=\"form-group\">\n\t\t<p><label for=\"reservation-cake-flavor\">Okus torte*<\/label><br \/>\n<span class=\"wpcf7-form-control-wrap\" data-name=\"reservation-cake-flavor\"><select class=\"wpcf7-form-control wpcf7-select wpcf7-validates-as-required form-control\" aria-required=\"true\" aria-invalid=\"false\" name=\"reservation-cake-flavor\"><option value=\"\">&#8212;Please choose an option&#8212;<\/option><option value=\"Vaniljeva\">Vaniljeva<\/option><option value=\"\u010cokoladna\">\u010cokoladna<\/option><option value=\"Sadna (vaniljeva krema s ko\u0161\u010dki sadja)\">Sadna (vaniljeva krema s ko\u0161\u010dki sadja)<\/option><option value=\"Stracciatella\">Stracciatella<\/option><\/select><\/span>\n\t\t<\/p>\n\t<\/div>\n\t<div class=\"form-group\">\n\t\t<p><label for=\"reservation-cake-weight\">Te\u017ea torte*<\/label><br \/>\n<span class=\"wpcf7-form-control-wrap\" data-name=\"reservation-cake-weight\"><select class=\"wpcf7-form-control wpcf7-select wpcf7-validates-as-required form-control\" aria-required=\"true\" aria-invalid=\"false\" name=\"reservation-cake-weight\"><option value=\"\">&#8212;Please choose an option&#8212;<\/option><option value=\"1 kg\">1 kg<\/option><option value=\"1,5 kg\">1,5 kg<\/option><option value=\"2 kg\">2 kg<\/option><\/select><\/span>\n\t\t<\/p>\n\t<\/div>\n\t<div class=\"form-group\">\n\t\t<p><label for=\"reservation-cake-inscription\">Napis na torti*<\/label><br \/>\n<span class=\"wpcf7-form-control-wrap\" data-name=\"reservation-cake-inscription\"><input size=\"40\" maxlength=\"400\" class=\"wpcf7-form-control wpcf7-text wpcf7-validates-as-required form-control\" aria-required=\"true\" aria-invalid=\"false\" value=\"\" type=\"text\" name=\"reservation-cake-inscription\" \/><\/span>\n\t\t<\/p>\n\t<\/div>\n<\/div>\n<div data-id=\"group-5\" data-orig_data_id=\"group-5\" data-clear_on_hide class=\"\" data-class=\"wpcf7cf_group\">\n\t<div class=\"form-group\">\n\t\t<p><label for=\"reservation-bike-rental\">Dodatne mo\u017enosti<\/label><br \/>\n<span class=\"wpcf7-form-control-wrap\" data-name=\"reservation-bike-rental\"><span class=\"wpcf7-form-control wpcf7-checkbox\"><span class=\"wpcf7-list-item first last\"><input type=\"checkbox\" name=\"reservation-bike-rental[]\" value=\"\u017delim najeti kolesa in \u010delade\" \/><span class=\"wpcf7-list-item-label\">\u017delim najeti kolesa in \u010delade<\/span><\/span><\/span><\/span>\n\t\t<\/p>\n\t<\/div>\n<\/div>\n<div data-id=\"group-5-1\" data-orig_data_id=\"group-5-1\" data-clear_on_hide class=\"\" data-class=\"wpcf7cf_group\">\n\t<div class=\"form-group\">\n\t\t<p><label for=\"reservation-participant\">\u0160tevilo MTB koles*<\/label><br \/>\n<span class=\"wpcf7-form-control-wrap\" data-name=\"reservation-mtb-bike\"><input class=\"wpcf7-form-control wpcf7-number wpcf7-validates-as-required wpcf7-validates-as-number form-control\" aria-required=\"true\" aria-invalid=\"false\" value=\"\" type=\"number\" name=\"reservation-mtb-bike\" \/><\/span>\n\t\t<\/p>\n\t<\/div>\n\t<div class=\"form-group\">\n\t\t<p><label for=\"reservation-participant\">\u0160tevilo E-koles*<\/label><br \/>\n<span class=\"wpcf7-form-control-wrap\" data-name=\"reservation-e-bike\"><input class=\"wpcf7-form-control wpcf7-number wpcf7-validates-as-required wpcf7-validates-as-number form-control\" aria-required=\"true\" aria-invalid=\"false\" value=\"\" type=\"number\" name=\"reservation-e-bike\" \/><\/span>\n\t\t<\/p>\n\t<\/div>\n<\/div>\n<div class=\"form-group\">\n\t<p><label for=\"reservation-additional\">Opombe<\/label><br \/>\n<span class=\"wpcf7-form-control-wrap\" data-name=\"reservation-additional\"><textarea cols=\"40\" rows=\"10\" maxlength=\"2000\" class=\"wpcf7-form-control wpcf7-textarea form-control\" aria-invalid=\"false\" name=\"reservation-additional\"><\/textarea><\/span>\n\t<\/p>\n<\/div>\n\n<!--\n<div class=\"form-group\">\n    <label for=\"reservation-newsletter\">Prijava na e-novice<\/label>\n    <span class=\"wpcf7-form-control-wrap\" data-name=\"reservation-newsletter\"><span class=\"wpcf7-form-control wpcf7-checkbox\"><span class=\"wpcf7-list-item first last\"><input type=\"checkbox\" name=\"reservation-newsletter[]\" value=\"\u017delim prejemati e-novice\" \/><span class=\"wpcf7-list-item-label\">\u017delim prejemati e-novice<\/span><\/span><\/span><\/span>\n<\/div>\n-->\n<div class=\"form-group\">\n\t<p><label for=\"your-consent\"><b>Obdelava osebnih podatkov*<\/b><b><\/b><\/label><br \/>\n<b><span class=\"wpcf7-form-control-wrap\" data-name=\"your-consent\"><span class=\"wpcf7-form-control wpcf7-acceptance\"><span class=\"wpcf7-list-item\"><label><input type=\"checkbox\" name=\"your-consent\" value=\"1\" aria-invalid=\"false\" \/><span class=\"wpcf7-list-item-label\">Strinjam se s <a href=\"politika-zasebnosti\" target=\"_blank\">politiko zasebnosti<\/a><\/span><\/label><\/span><\/span><\/span><\/b>\n\t<\/p>\n<\/div>\n<div class=\"form-group\">\n<span class=\"wpcf7-form-control-wrap recaptcha\" data-name=\"recaptcha\"><span data-sitekey=\"6Le7qxcUAAAAABaWnmR1D0WnExjAq_Tct7tpFy0F\" class=\"wpcf7-form-control wpcf7-recaptcha g-recaptcha\"><\/span>\r\n<noscript>\r\n\t<div class=\"grecaptcha-noscript\">\r\n\t\t<iframe loading=\"lazy\" src=\"https:\/\/www.google.com\/recaptcha\/api\/fallback?k=6Le7qxcUAAAAABaWnmR1D0WnExjAq_Tct7tpFy0F\" frameborder=\"0\" scrolling=\"no\" width=\"310\" height=\"430\">\r\n\t\t<\/iframe>\r\n\t\t<textarea name=\"g-recaptcha-response\" rows=\"3\" cols=\"40\" placeholder=\"reCaptcha Response Here\">\r\n\t\t<\/textarea>\r\n\t<\/div>\r\n<\/noscript>\r\n<\/span>\n<\/div>\n<div class=\"form-group\">\n\t<div class=\"wpcf7-notice\">\n\t\t<p>Polja <b>(*)<\/b> so obvezna\n\t\t<\/p>\n\t<\/div>\n\t<p><input class=\"wpcf7-form-control wpcf7-submit has-spinner btn btn-primary\" type=\"submit\" value=\"PO\u0160LJI POVPRA\u0160EVANJE\" \/>\n\t<\/p>\n<\/div>\n<div class=\"clearfix\">\n<\/div><p style=\"display: none !important;\" class=\"akismet-fields-container\" data-prefix=\"_wpcf7_ak_\"><label>&#916;<textarea name=\"_wpcf7_ak_hp_textarea\" cols=\"45\" rows=\"8\" maxlength=\"100\"><\/textarea><\/label><input type=\"hidden\" id=\"ak_js_1\" name=\"_wpcf7_ak_js\" value=\"16\"\/><script>document.getElementById( \"ak_js_1\" ).setAttribute( \"value\", ( new Date() ).getTime() );<\/script><\/p><input type='hidden' class='wpcf7-pum' value='{\"closepopup\":false,\"closedelay\":0,\"openpopup\":false,\"openpopup_id\":0}' \/><div class=\"wpcf7-response-output\" aria-hidden=\"true\"><\/div>\n<\/form>\n<\/div>\n\n<\/div>\n<\/div><\/div><\/div><div id=\"pgc-159-0-1\"  class=\"panel-grid-cell panel-grid-cell-empty\" ><\/div><\/div><\/div>","protected":false},"excerpt":{"rendered":"<p>Osnovne informacije Ime in priimek* E-mail* Telefon* \u017deleni datum rezervacije* \u017deleno skupinsko do\u017eivetje Do\u017eivetje* &#8212;Please choose an option&#8212;Pustolovska rojstnodnevna zabavaTeam buildingDru\u017einska in kolesarska do\u017eivetjaPrilagojeni program Paket* Oran\u017ena pustolov\u0161\u010dinaRumena pustolov\u0161\u010dinaMavri\u010dna pustolov\u0161\u010dinaLasertag rojstnodnevna zabavaRojstnodnevna zabava odrasliLasertag rojstnodnevna zabava odrasli Paket* Popoln danPo poteh So\u0161ke fronteVojna in mir\u010carobna Gori\u0161ka brdaDve Gorici dve dr\u017eavi Paketi* Odkrij Gorici s kolesomPo &hellip;<\/p>\n","protected":false},"author":1,"featured_media":0,"parent":0,"menu_order":0,"comment_status":"closed","ping_status":"closed","template":"","meta":{"footnotes":""},"class_list":["post-159","page","type-page","status-publish","hentry","clearfix"],"acf":[],"yoast_head":"<!-- This site is optimized with the Yoast SEO plugin v26.6 - https:\/\/yoast.com\/wordpress\/plugins\/seo\/ -->\n<title>Povpra\u0161evanje - So\u010da Fun Park<\/title>\n<meta name=\"robots\" content=\"index, follow, max-snippet:-1, max-image-preview:large, max-video-preview:-1\" \/>\n<link rel=\"canonical\" href=\"https:\/\/socafunpark.si\/sl\/povprasevanje\/\" \/>\n<meta property=\"og:locale\" content=\"sl_SI\" \/>\n<meta property=\"og:type\" content=\"article\" \/>\n<meta property=\"og:title\" content=\"Povpra\u0161evanje - So\u010da Fun Park\" \/>\n<meta property=\"og:description\" content=\"Osnovne informacije Ime in priimek* E-mail* Telefon* \u017deleni datum rezervacije* \u017deleno skupinsko do\u017eivetje Do\u017eivetje* &#8212;Please choose an option&#8212;Pustolovska rojstnodnevna zabavaTeam buildingDru\u017einska in kolesarska do\u017eivetjaPrilagojeni program Paket* Oran\u017ena pustolov\u0161\u010dinaRumena pustolov\u0161\u010dinaMavri\u010dna pustolov\u0161\u010dinaLasertag rojstnodnevna zabavaRojstnodnevna zabava odrasliLasertag rojstnodnevna zabava odrasli Paket* Popoln danPo poteh So\u0161ke fronteVojna in mir\u010carobna Gori\u0161ka brdaDve Gorici dve dr\u017eavi Paketi* Odkrij Gorici s kolesomPo &hellip;\" \/>\n<meta property=\"og:url\" content=\"https:\/\/socafunpark.si\/sl\/povprasevanje\/\" \/>\n<meta property=\"og:site_name\" content=\"So\u010da Fun Park\" \/>\n<meta property=\"article:modified_time\" content=\"2022-01-29T21:06:34+00:00\" \/>\n<meta name=\"twitter:card\" content=\"summary_large_image\" \/>\n<script type=\"application\/ld+json\" class=\"yoast-schema-graph\">{\"@context\":\"https:\/\/schema.org\",\"@graph\":[{\"@type\":\"WebPage\",\"@id\":\"https:\/\/socafunpark.si\/sl\/povprasevanje\/\",\"url\":\"https:\/\/socafunpark.si\/sl\/povprasevanje\/\",\"name\":\"Povpra\u0161evanje - So\u010da Fun Park\",\"isPartOf\":{\"@id\":\"https:\/\/socafunpark.si\/it\/#website\"},\"datePublished\":\"2017-01-16T23:05:32+00:00\",\"dateModified\":\"2022-01-29T21:06:34+00:00\",\"breadcrumb\":{\"@id\":\"https:\/\/socafunpark.si\/sl\/povprasevanje\/#breadcrumb\"},\"inLanguage\":\"sl-SI\",\"potentialAction\":[{\"@type\":\"ReadAction\",\"target\":[\"https:\/\/socafunpark.si\/sl\/povprasevanje\/\"]}]},{\"@type\":\"BreadcrumbList\",\"@id\":\"https:\/\/socafunpark.si\/sl\/povprasevanje\/#breadcrumb\",\"itemListElement\":[{\"@type\":\"ListItem\",\"position\":1,\"name\":\"Home\",\"item\":\"https:\/\/socafunpark.si\/sl\/\"},{\"@type\":\"ListItem\",\"position\":2,\"name\":\"Povpra\u0161evanje\"}]},{\"@type\":\"WebSite\",\"@id\":\"https:\/\/socafunpark.si\/it\/#website\",\"url\":\"https:\/\/socafunpark.si\/it\/\",\"name\":\"So\u010da Fun Park\",\"description\":\"So\u010da Fun Park je pustolovski park namenjen zabavi za vso dru\u017eino. V parku se boste lahko iz tal dvignili med drevesne kro\u0161nje in se odpravili na pravo popotovanje med drevesi.\",\"potentialAction\":[{\"@type\":\"SearchAction\",\"target\":{\"@type\":\"EntryPoint\",\"urlTemplate\":\"https:\/\/socafunpark.si\/it\/?s={search_term_string}\"},\"query-input\":{\"@type\":\"PropertyValueSpecification\",\"valueRequired\":true,\"valueName\":\"search_term_string\"}}],\"inLanguage\":\"sl-SI\"}]}<\/script>\n<!-- \/ Yoast SEO plugin. -->","yoast_head_json":{"title":"Povpra\u0161evanje - So\u010da Fun Park","robots":{"index":"index","follow":"follow","max-snippet":"max-snippet:-1","max-image-preview":"max-image-preview:large","max-video-preview":"max-video-preview:-1"},"canonical":"https:\/\/socafunpark.si\/sl\/povprasevanje\/","og_locale":"sl_SI","og_type":"article","og_title":"Povpra\u0161evanje - So\u010da Fun Park","og_description":"Osnovne informacije Ime in priimek* E-mail* Telefon* \u017deleni datum rezervacije* \u017deleno skupinsko do\u017eivetje Do\u017eivetje* &#8212;Please choose an option&#8212;Pustolovska rojstnodnevna zabavaTeam buildingDru\u017einska in kolesarska do\u017eivetjaPrilagojeni program Paket* Oran\u017ena pustolov\u0161\u010dinaRumena pustolov\u0161\u010dinaMavri\u010dna pustolov\u0161\u010dinaLasertag rojstnodnevna zabavaRojstnodnevna zabava odrasliLasertag rojstnodnevna zabava odrasli Paket* Popoln danPo poteh So\u0161ke fronteVojna in mir\u010carobna Gori\u0161ka brdaDve Gorici dve dr\u017eavi Paketi* Odkrij Gorici s kolesomPo &hellip;","og_url":"https:\/\/socafunpark.si\/sl\/povprasevanje\/","og_site_name":"So\u010da Fun Park","article_modified_time":"2022-01-29T21:06:34+00:00","twitter_card":"summary_large_image","schema":{"@context":"https:\/\/schema.org","@graph":[{"@type":"WebPage","@id":"https:\/\/socafunpark.si\/sl\/povprasevanje\/","url":"https:\/\/socafunpark.si\/sl\/povprasevanje\/","name":"Povpra\u0161evanje - So\u010da Fun Park","isPartOf":{"@id":"https:\/\/socafunpark.si\/it\/#website"},"datePublished":"2017-01-16T23:05:32+00:00","dateModified":"2022-01-29T21:06:34+00:00","breadcrumb":{"@id":"https:\/\/socafunpark.si\/sl\/povprasevanje\/#breadcrumb"},"inLanguage":"sl-SI","potentialAction":[{"@type":"ReadAction","target":["https:\/\/socafunpark.si\/sl\/povprasevanje\/"]}]},{"@type":"BreadcrumbList","@id":"https:\/\/socafunpark.si\/sl\/povprasevanje\/#breadcrumb","itemListElement":[{"@type":"ListItem","position":1,"name":"Home","item":"https:\/\/socafunpark.si\/sl\/"},{"@type":"ListItem","position":2,"name":"Povpra\u0161evanje"}]},{"@type":"WebSite","@id":"https:\/\/socafunpark.si\/it\/#website","url":"https:\/\/socafunpark.si\/it\/","name":"So\u010da Fun Park","description":"So\u010da Fun Park je pustolovski park namenjen zabavi za vso dru\u017eino. V parku se boste lahko iz tal dvignili med drevesne kro\u0161nje in se odpravili na pravo popotovanje med drevesi.","potentialAction":[{"@type":"SearchAction","target":{"@type":"EntryPoint","urlTemplate":"https:\/\/socafunpark.si\/it\/?s={search_term_string}"},"query-input":{"@type":"PropertyValueSpecification","valueRequired":true,"valueName":"search_term_string"}}],"inLanguage":"sl-SI"}]}},"_links":{"self":[{"href":"https:\/\/socafunpark.si\/sl\/wp-json\/wp\/v2\/pages\/159\/"}],"collection":[{"href":"https:\/\/socafunpark.si\/sl\/wp-json\/wp\/v2\/pages\/"}],"about":[{"href":"https:\/\/socafunpark.si\/sl\/wp-json\/wp\/v2\/types\/page\/"}],"author":[{"embeddable":true,"href":"https:\/\/socafunpark.si\/sl\/wp-json\/wp\/v2\/users\/1\/"}],"replies":[{"embeddable":true,"href":"https:\/\/socafunpark.si\/sl\/wp-json\/wp\/v2\/comments\/?post=159"}],"version-history":[{"count":1,"href":"https:\/\/socafunpark.si\/sl\/wp-json\/wp\/v2\/pages\/159\/revisions\/"}],"predecessor-version":[{"id":12076,"href":"https:\/\/socafunpark.si\/sl\/wp-json\/wp\/v2\/pages\/159\/revisions\/12076\/"}],"wp:attachment":[{"href":"https:\/\/socafunpark.si\/sl\/wp-json\/wp\/v2\/media\/?parent=159"}],"curies":[{"name":"wp","href":"https:\/\/api.w.org\/{rel}","templated":true}]}}