{"id":1656,"date":"2017-01-16T23:05:32","date_gmt":"2017-01-16T23:05:32","guid":{"rendered":"http:\/\/socafunpark.si\/rezervacija\/"},"modified":"2022-01-29T22:08:56","modified_gmt":"2022-01-29T21:08:56","slug":"inquiry","status":"publish","type":"page","link":"https:\/\/socafunpark.si\/en\/inquiry\/","title":{"rendered":"Inquiry"},"content":{"rendered":"<div id=\"pl-1656\"  class=\"panel-layout\" ><div id=\"pg-1656-0\"  class=\"panel-grid panel-no-style\" ><div id=\"pgc-1656-0-0\"  class=\"panel-grid-cell panel-grid-cell-mobile-last\" ><div id=\"panel-1656-0-0-0\" class=\"so-panel widget widget_sow-editor panel-first-child panel-last-child\" data-index=\"0\" ><div\n\t\t\t\n\t\t\tclass=\"so-widget-sow-editor so-widget-sow-editor-base\"\n\t\t\t\n\t\t>\n<div class=\"siteorigin-widget-tinymce textwidget\">\n\t\n<div class=\"wpcf7 no-js\" id=\"wpcf7-f1655-o1\" lang=\"en-US\" dir=\"ltr\" data-wpcf7-id=\"1655\">\n<div class=\"screen-reader-response\"><p role=\"status\" aria-live=\"polite\" aria-atomic=\"true\"><\/p> <ul><\/ul><\/div>\n<form action=\"\/en\/wp-json\/wp\/v2\/pages\/1656\/#wpcf7-f1655-o1\" method=\"post\" class=\"wpcf7-form init reservation-form\" aria-label=\"Contact form\" novalidate=\"novalidate\" data-status=\"init\">\n<fieldset class=\"hidden-fields-container\"><input type=\"hidden\" name=\"_wpcf7\" value=\"1655\" \/><input type=\"hidden\" name=\"_wpcf7_version\" value=\"6.1.5\" \/><input type=\"hidden\" name=\"_wpcf7_locale\" value=\"en_US\" \/><input type=\"hidden\" name=\"_wpcf7_unit_tag\" value=\"wpcf7-f1655-o1\" \/><input type=\"hidden\" name=\"_wpcf7_container_post\" value=\"0\" \/><input type=\"hidden\" name=\"_wpcf7_posted_data_hash\" value=\"\" \/><input type=\"hidden\" name=\"_wpcf7cf_hidden_group_fields\" value=\"[]\" \/><input type=\"hidden\" name=\"_wpcf7cf_hidden_groups\" value=\"[]\" \/><input type=\"hidden\" name=\"_wpcf7cf_visible_groups\" value=\"[]\" \/><input type=\"hidden\" name=\"_wpcf7cf_repeaters\" value=\"[]\" \/><input type=\"hidden\" name=\"_wpcf7cf_steps\" value=\"{}\" \/><input type=\"hidden\" name=\"_wpcf7cf_options\" value=\"{&quot;form_id&quot;:1655,&quot;conditions&quot;:[{&quot;then_field&quot;:&quot;group-1&quot;,&quot;and_rules&quot;:[{&quot;if_field&quot;:&quot;reservation-activity&quot;,&quot;operator&quot;:&quot;equals&quot;,&quot;if_value&quot;:&quot;Adventurous birthday celebration&quot;}]},{&quot;then_field&quot;:&quot;group-2&quot;,&quot;and_rules&quot;:[{&quot;if_field&quot;:&quot;reservation-activity&quot;,&quot;operator&quot;:&quot;equals&quot;,&quot;if_value&quot;:&quot;Single day adventure&quot;}]},{&quot;then_field&quot;:&quot;group-3&quot;,&quot;and_rules&quot;:[{&quot;if_field&quot;:&quot;reservation-activity&quot;,&quot;operator&quot;:&quot;equals&quot;,&quot;if_value&quot;:&quot;Family and cycling experiences&quot;}]},{&quot;then_field&quot;:&quot;group-4&quot;,&quot;and_rules&quot;:[{&quot;if_field&quot;:&quot;reservation-activity&quot;,&quot;operator&quot;:&quot;equals&quot;,&quot;if_value&quot;:&quot;Adventurous birthday celebration&quot;}]},{&quot;then_field&quot;:&quot;group-4-1&quot;,&quot;and_rules&quot;:[{&quot;if_field&quot;:&quot;reservation-cake&quot;,&quot;operator&quot;:&quot;equals&quot;,&quot;if_value&quot;:&quot;I want a cake&quot;}]},{&quot;then_field&quot;:&quot;group-5&quot;,&quot;and_rules&quot;:[{&quot;if_field&quot;:&quot;reservation-activity&quot;,&quot;operator&quot;:&quot;equals&quot;,&quot;if_value&quot;:&quot;Family and cycling experiences&quot;}]},{&quot;then_field&quot;:&quot;group-5-1&quot;,&quot;and_rules&quot;:[{&quot;if_field&quot;:&quot;reservation-bike-rental&quot;,&quot;operator&quot;:&quot;equals&quot;,&quot;if_value&quot;:&quot;I want to rent bikes and helmets&quot;}]}],&quot;settings&quot;:{&quot;animation&quot;:&quot;yes&quot;,&quot;animation_intime&quot;:200,&quot;animation_outtime&quot;:200,&quot;conditions_ui&quot;:&quot;normal&quot;,&quot;notice_dismissed&quot;:false,&quot;notice_dismissed_update-cf7-5.7.6&quot;:true,&quot;notice_dismissed_update-cf7-6.0.1&quot;:true,&quot;notice_dismissed_update-cf7-6.0.5&quot;:true}}\" \/><input type=\"hidden\" name=\"_wpcf7_recaptcha_response\" value=\"\" \/>\n<\/fieldset>\n<h3>General information\n<\/h3>\n<div class=\"form-group\">\n\t<p><label for=\"reservation-name\">First and last name*<\/label><br \/>\n<span class=\"wpcf7-form-control-wrap\" data-name=\"reservation-name\"><input size=\"40\" maxlength=\"400\" class=\"wpcf7-form-control wpcf7-text wpcf7-validates-as-required form-control\" aria-required=\"true\" aria-invalid=\"false\" value=\"\" type=\"text\" name=\"reservation-name\" \/><\/span>\n\t<\/p>\n<\/div>\n<div class=\"form-group\">\n\t<p><label for=\"reservation-email\">E-mail*<\/label><br \/>\n<span class=\"wpcf7-form-control-wrap\" data-name=\"reservation-email\"><input size=\"40\" maxlength=\"400\" class=\"wpcf7-form-control wpcf7-email wpcf7-validates-as-required wpcf7-text wpcf7-validates-as-email form-control\" aria-required=\"true\" aria-invalid=\"false\" value=\"\" type=\"email\" name=\"reservation-email\" \/><\/span>\n\t<\/p>\n<\/div>\n<div class=\"form-group\">\n\t<p><label for=\"reservation-phone\">Phone*<\/label><br \/>\n<span class=\"wpcf7-form-control-wrap\" data-name=\"reservation-phone\"><input size=\"40\" maxlength=\"400\" class=\"wpcf7-form-control wpcf7-tel wpcf7-validates-as-required wpcf7-text wpcf7-validates-as-tel form-control\" aria-required=\"true\" aria-invalid=\"false\" value=\"\" type=\"tel\" name=\"reservation-phone\" \/><\/span>\n\t<\/p>\n<\/div>\n<div class=\"form-group\">\n\t<p><label for=\"activity-date\">Date you'd like to book*<\/label><br \/>\n<span class=\"wpcf7-form-control-wrap\" data-name=\"reservation-date\"><input size=\"40\" maxlength=\"400\" class=\"wpcf7-form-control wpcf7-text wpcf7-validates-as-required form-control\" aria-required=\"true\" aria-invalid=\"false\" placeholder=\"dd.mm.yyyy\" value=\"\" type=\"text\" name=\"reservation-date\" \/><\/span>\n\t<\/p>\n<\/div>\n<h3>Chosen group tour\n<\/h3>\n<div class=\"form-group\">\n\t<p><label for=\"reservation-activity\">Tour*<\/label><br \/>\n<span class=\"wpcf7-form-control-wrap\" data-name=\"reservation-activity\"><select class=\"wpcf7-form-control wpcf7-select wpcf7-validates-as-required form-control\" aria-required=\"true\" aria-invalid=\"false\" name=\"reservation-activity\"><option value=\"\">&#8212;Please choose an option&#8212;<\/option><option value=\"Adventurous birthday celebration\">Adventurous birthday celebration<\/option><option value=\"Single day adventure\">Single day adventure<\/option><option value=\"Family and cycling experiences\">Family and cycling experiences<\/option><option value=\"Tailormade tour\">Tailormade tour<\/option><\/select><\/span>\n\t<\/p>\n<\/div>\n<div data-id=\"group-1\" data-orig_data_id=\"group-1\" data-clear_on_hide class=\"\" data-class=\"wpcf7cf_group\">\n\t<div class=\"form-group\">\n\t\t<p><label for=\"reservation-activity-item\">Package*<\/label><br \/>\n<span class=\"wpcf7-form-control-wrap\" data-name=\"reservation-activity-item\"><span class=\"wpcf7-form-control wpcf7-checkbox wpcf7-exclusive-checkbox\"><span class=\"wpcf7-list-item first\"><input type=\"checkbox\" name=\"reservation-activity-item\" value=\"Orange adventure\" \/><span class=\"wpcf7-list-item-label\">Orange adventure<\/span><\/span><span class=\"wpcf7-list-item\"><input type=\"checkbox\" name=\"reservation-activity-item\" value=\"Yellow adventure\" \/><span class=\"wpcf7-list-item-label\">Yellow adventure<\/span><\/span><span class=\"wpcf7-list-item\"><input type=\"checkbox\" name=\"reservation-activity-item\" value=\"Rainbow adventure\" \/><span class=\"wpcf7-list-item-label\">Rainbow adventure<\/span><\/span><span class=\"wpcf7-list-item\"><input type=\"checkbox\" name=\"reservation-activity-item\" value=\"Laser tag birthday celebration\" \/><span class=\"wpcf7-list-item-label\">Laser tag birthday celebration<\/span><\/span><span class=\"wpcf7-list-item\"><input type=\"checkbox\" name=\"reservation-activity-item\" value=\"Adult birthday calebration\" \/><span class=\"wpcf7-list-item-label\">Adult birthday calebration<\/span><\/span><span class=\"wpcf7-list-item last\"><input type=\"checkbox\" name=\"reservation-activity-item\" value=\"Laser tag adult birthday celebration\" \/><span class=\"wpcf7-list-item-label\">Laser tag adult birthday celebration<\/span><\/span><\/span><\/span>\n\t\t<\/p>\n\t<\/div>\n<\/div>\n<div data-id=\"group-2\" data-orig_data_id=\"group-2\" data-clear_on_hide class=\"\" data-class=\"wpcf7cf_group\">\n\t<div class=\"form-group\">\n\t\t<p><label for=\"reservation-activity-item\">Package*<\/label><br \/>\n<span class=\"wpcf7-form-control-wrap\" data-name=\"reservation-activity-item\"><span class=\"wpcf7-form-control wpcf7-checkbox wpcf7-exclusive-checkbox\"><span class=\"wpcf7-list-item first\"><input type=\"checkbox\" name=\"reservation-activity-item\" value=\"Perfect day\" \/><span class=\"wpcf7-list-item-label\">Perfect day<\/span><\/span><span class=\"wpcf7-list-item\"><input type=\"checkbox\" name=\"reservation-activity-item\" value=\"Retracing the So\u010da front\" \/><span class=\"wpcf7-list-item-label\">Retracing the So\u010da front<\/span><\/span><span class=\"wpcf7-list-item\"><input type=\"checkbox\" name=\"reservation-activity-item\" value=\"War and peace\" \/><span class=\"wpcf7-list-item-label\">War and peace<\/span><\/span><span class=\"wpcf7-list-item\"><input type=\"checkbox\" name=\"reservation-activity-item\" value=\"Magical Gori\u0161ka brda\" \/><span class=\"wpcf7-list-item-label\">Magical Gori\u0161ka brda<\/span><\/span><span class=\"wpcf7-list-item last\"><input type=\"checkbox\" name=\"reservation-activity-item\" value=\"Two Goricas two countries\" \/><span class=\"wpcf7-list-item-label\">Two Goricas two countries<\/span><\/span><\/span><\/span>\n\t\t<\/p>\n\t<\/div>\n<\/div>\n<div data-id=\"group-3\" data-orig_data_id=\"group-3\" data-clear_on_hide class=\"\" data-class=\"wpcf7cf_group\">\n\t<div class=\"form-group\">\n\t\t<p><label for=\"reservation-activity-item\">Package*<\/label><br \/>\n<span class=\"wpcf7-form-control-wrap\" data-name=\"reservation-activity-item\"><span class=\"wpcf7-form-control wpcf7-checkbox wpcf7-exclusive-checkbox\"><span class=\"wpcf7-list-item first\"><input type=\"checkbox\" name=\"reservation-activity-item\" value=\"Discover the two Goricas by bike\" \/><span class=\"wpcf7-list-item-label\">Discover the two Goricas by bike<\/span><\/span><span class=\"wpcf7-list-item\"><input type=\"checkbox\" name=\"reservation-activity-item\" value=\"Retracing the So\u010da front by bike\" \/><span class=\"wpcf7-list-item-label\">Retracing the So\u010da front by bike<\/span><\/span><span class=\"wpcf7-list-item last\"><input type=\"checkbox\" name=\"reservation-activity-item\" value=\"Magical Gori\u0161ka brda, adventure, bike tour and more\" \/><span class=\"wpcf7-list-item-label\">Magical Gori\u0161ka brda, adventure, bike tour and more<\/span><\/span><\/span><\/span>\n\t\t<\/p>\n\t<\/div>\n<\/div>\n<div class=\"form-group\">\n\t<p><label for=\"reservation-participant\">Number of participants*<\/label><br \/>\n<span class=\"wpcf7-form-control-wrap\" data-name=\"reservation-participant\"><input class=\"wpcf7-form-control wpcf7-number wpcf7-validates-as-required wpcf7-validates-as-number form-control\" aria-required=\"true\" aria-invalid=\"false\" value=\"\" type=\"number\" name=\"reservation-participant\" \/><\/span>\n\t<\/p>\n<\/div>\n<div data-id=\"group-4\" data-orig_data_id=\"group-4\" data-clear_on_hide class=\"\" data-class=\"wpcf7cf_group\">\n\t<div class=\"form-group\">\n\t\t<p><label for=\"reservation-cake\">Additional options<\/label><br \/>\n<span class=\"wpcf7-form-control-wrap\" data-name=\"reservation-cake\"><span class=\"wpcf7-form-control wpcf7-checkbox\"><span class=\"wpcf7-list-item first last\"><input type=\"checkbox\" name=\"reservation-cake[]\" value=\"I want a cake\" \/><span class=\"wpcf7-list-item-label\">I want a cake<\/span><\/span><\/span><\/span>\n\t\t<\/p>\n\t<\/div>\n<\/div>\n<div data-id=\"group-4-1\" data-orig_data_id=\"group-4-1\" data-clear_on_hide class=\"\" data-class=\"wpcf7cf_group\">\n\t<div class=\"form-group\">\n\t\t<p><label for=\"reservation-cake-flavor\">Cake flavor*<\/label><br \/>\n<span class=\"wpcf7-form-control-wrap\" data-name=\"reservation-cake-flavor\"><select class=\"wpcf7-form-control wpcf7-select wpcf7-validates-as-required form-control\" aria-required=\"true\" aria-invalid=\"false\" name=\"reservation-cake-flavor\"><option value=\"\">&#8212;Please choose an option&#8212;<\/option><option value=\"Vanilla\">Vanilla<\/option><option value=\"Chocolate\">Chocolate<\/option><option value=\"Fruit (vanilla cream with fruit pieces)\">Fruit (vanilla cream with fruit pieces)<\/option><option value=\"Stracciatella\">Stracciatella<\/option><\/select><\/span>\n\t\t<\/p>\n\t<\/div>\n\t<div class=\"form-group\">\n\t\t<p><label for=\"reservation-cake-weight\">Cake weight*<\/label><br \/>\n<span class=\"wpcf7-form-control-wrap\" data-name=\"reservation-cake-weight\"><select class=\"wpcf7-form-control wpcf7-select wpcf7-validates-as-required form-control\" aria-required=\"true\" aria-invalid=\"false\" name=\"reservation-cake-weight\"><option value=\"\">&#8212;Please choose an option&#8212;<\/option><option value=\"1 kg\">1 kg<\/option><option value=\"1,5 kg\">1,5 kg<\/option><option value=\"2 kg\">2 kg<\/option><\/select><\/span>\n\t\t<\/p>\n\t<\/div>\n\t<div class=\"form-group\">\n\t\t<p><label for=\"reservation-cake-inscription\">Birthday cake inscription*<\/label><br \/>\n<span class=\"wpcf7-form-control-wrap\" data-name=\"reservation-cake-inscription\"><input size=\"40\" maxlength=\"400\" class=\"wpcf7-form-control wpcf7-text wpcf7-validates-as-required form-control\" aria-required=\"true\" aria-invalid=\"false\" value=\"\" type=\"text\" name=\"reservation-cake-inscription\" \/><\/span>\n\t\t<\/p>\n\t<\/div>\n<\/div>\n<div data-id=\"group-5\" data-orig_data_id=\"group-5\" data-clear_on_hide class=\"\" data-class=\"wpcf7cf_group\">\n\t<div class=\"form-group\">\n\t\t<p><label for=\"reservation-bike-rental\">Additional options<\/label><br \/>\n<span class=\"wpcf7-form-control-wrap\" data-name=\"reservation-bike-rental\"><span class=\"wpcf7-form-control wpcf7-checkbox\"><span class=\"wpcf7-list-item first last\"><input type=\"checkbox\" name=\"reservation-bike-rental[]\" value=\"I want to rent bikes and helmets\" \/><span class=\"wpcf7-list-item-label\">I want to rent bikes and helmets<\/span><\/span><\/span><\/span>\n\t\t<\/p>\n\t<\/div>\n<\/div>\n<div data-id=\"group-5-1\" data-orig_data_id=\"group-5-1\" data-clear_on_hide class=\"\" data-class=\"wpcf7cf_group\">\n\t<div class=\"form-group\">\n\t\t<p><label for=\"reservation-participant\">Number of MTB bikes*<\/label><br \/>\n<span class=\"wpcf7-form-control-wrap\" data-name=\"reservation-mtb-bike\"><input class=\"wpcf7-form-control wpcf7-number wpcf7-validates-as-required wpcf7-validates-as-number form-control\" aria-required=\"true\" aria-invalid=\"false\" value=\"\" type=\"number\" name=\"reservation-mtb-bike\" \/><\/span>\n\t\t<\/p>\n\t<\/div>\n\t<div class=\"form-group\">\n\t\t<p><label for=\"reservation-participant\">Number of E-bikes*<\/label><br \/>\n<span class=\"wpcf7-form-control-wrap\" data-name=\"reservation-e-bike\"><input class=\"wpcf7-form-control wpcf7-number wpcf7-validates-as-required wpcf7-validates-as-number form-control\" aria-required=\"true\" aria-invalid=\"false\" value=\"\" type=\"number\" name=\"reservation-e-bike\" \/><\/span>\n\t\t<\/p>\n\t<\/div>\n<\/div>\n<div class=\"form-group\">\n\t<p><label for=\"reservation-additional\">Notes<\/label><br \/>\n<span class=\"wpcf7-form-control-wrap\" data-name=\"reservation-additional\"><textarea cols=\"40\" rows=\"10\" maxlength=\"2000\" class=\"wpcf7-form-control wpcf7-textarea form-control\" aria-invalid=\"false\" name=\"reservation-additional\"><\/textarea><\/span>\n\t<\/p>\n<\/div>\n\n<!--\n<div class=\"form-group\">\n    <label for=\"reservation-newsletter\">Subscribe to the newsletter<\/label>\n    <span class=\"wpcf7-form-control-wrap\" data-name=\"reservation-newsletter\"><span class=\"wpcf7-form-control wpcf7-checkbox\"><span class=\"wpcf7-list-item first last\"><input type=\"checkbox\" name=\"reservation-newsletter[]\" value=\"Yes, I would like to receive your newsletter\" \/><span class=\"wpcf7-list-item-label\">Yes, I would like to receive your newsletter<\/span><\/span><\/span><\/span>\n<\/div>\n-->\n<div class=\"form-group\">\n\t<p><label for=\"your-consent\"><b>Personal data processing*<\/b><b><\/b><\/label><br \/>\n<b><span class=\"wpcf7-form-control-wrap\" data-name=\"your-consent\"><span class=\"wpcf7-form-control wpcf7-acceptance\"><span class=\"wpcf7-list-item\"><label><input type=\"checkbox\" name=\"your-consent\" value=\"1\" aria-invalid=\"false\" \/><span class=\"wpcf7-list-item-label\">I consent to the conditions of <a href=\"privacy-policy\" target=\"_blank\">privacy policy<\/a><\/span><\/label><\/span><\/span><\/span><\/b>\n\t<\/p>\n<\/div>\n<div class=\"form-group\">\n<span class=\"wpcf7-form-control-wrap recaptcha\" data-name=\"recaptcha\"><span data-sitekey=\"6Le7qxcUAAAAABaWnmR1D0WnExjAq_Tct7tpFy0F\" class=\"wpcf7-form-control wpcf7-recaptcha g-recaptcha\"><\/span>\r\n<noscript>\r\n\t<div class=\"grecaptcha-noscript\">\r\n\t\t<iframe loading=\"lazy\" src=\"https:\/\/www.google.com\/recaptcha\/api\/fallback?k=6Le7qxcUAAAAABaWnmR1D0WnExjAq_Tct7tpFy0F\" frameborder=\"0\" scrolling=\"no\" width=\"310\" height=\"430\">\r\n\t\t<\/iframe>\r\n\t\t<textarea name=\"g-recaptcha-response\" rows=\"3\" cols=\"40\" placeholder=\"reCaptcha Response Here\">\r\n\t\t<\/textarea>\r\n\t<\/div>\r\n<\/noscript>\r\n<\/span>\n<\/div>\n<div class=\"form-group\">\n\t<div class=\"wpcf7-notice\">\n\t\t<p>Fields with <b>(*)<\/b> are required\n\t\t<\/p>\n\t<\/div>\n\t<p><input class=\"wpcf7-form-control wpcf7-submit has-spinner btn btn-primary\" type=\"submit\" value=\"SEND INQUIRY\" \/>\n\t<\/p>\n<\/div>\n<div class=\"clearfix\">\n<\/div><p style=\"display: none !important;\" class=\"akismet-fields-container\" data-prefix=\"_wpcf7_ak_\"><label>&#916;<textarea name=\"_wpcf7_ak_hp_textarea\" cols=\"45\" rows=\"8\" maxlength=\"100\"><\/textarea><\/label><input type=\"hidden\" id=\"ak_js_1\" name=\"_wpcf7_ak_js\" value=\"70\"\/><script>document.getElementById( \"ak_js_1\" ).setAttribute( \"value\", ( new Date() ).getTime() );<\/script><\/p><input type='hidden' class='wpcf7-pum' value='{\"closepopup\":false,\"closedelay\":0,\"openpopup\":false,\"openpopup_id\":0}' \/><div class=\"wpcf7-response-output\" aria-hidden=\"true\"><\/div>\n<\/form>\n<\/div>\n\n<\/div>\n<\/div><\/div><\/div><div id=\"pgc-1656-0-1\"  class=\"panel-grid-cell panel-grid-cell-empty\" ><\/div><\/div><\/div>","protected":false},"excerpt":{"rendered":"<p>General information First and last name* E-mail* Phone* Date you&#8217;d like to book* Chosen group tour Tour* &#8212;Please choose an option&#8212;Adventurous birthday celebrationSingle day adventureFamily and cycling experiencesTailormade tour Package* Orange adventureYellow adventureRainbow adventureLaser tag birthday celebrationAdult birthday calebrationLaser tag adult birthday celebration Package* Perfect dayRetracing the So\u010da frontWar and peaceMagical Gori\u0161ka brdaTwo Goricas two &hellip;<\/p>\n","protected":false},"author":1,"featured_media":0,"parent":0,"menu_order":0,"comment_status":"closed","ping_status":"closed","template":"","meta":{"footnotes":""},"class_list":["post-1656","page","type-page","status-publish","hentry","clearfix"],"acf":[],"yoast_head":"<!-- This site is optimized with the Yoast SEO plugin v26.6 - https:\/\/yoast.com\/wordpress\/plugins\/seo\/ -->\n<title>Inquiry - So\u010da Fun Park<\/title>\n<meta name=\"robots\" content=\"index, follow, max-snippet:-1, max-image-preview:large, max-video-preview:-1\" \/>\n<link rel=\"canonical\" href=\"https:\/\/socafunpark.si\/en\/inquiry\/\" \/>\n<meta property=\"og:locale\" content=\"en_US\" \/>\n<meta property=\"og:type\" content=\"article\" \/>\n<meta property=\"og:title\" content=\"Inquiry - So\u010da Fun Park\" \/>\n<meta property=\"og:description\" content=\"General information First and last name* E-mail* Phone* Date you&#039;d like to book* Chosen group tour Tour* &#8212;Please choose an option&#8212;Adventurous birthday celebrationSingle day adventureFamily and cycling experiencesTailormade tour Package* Orange adventureYellow adventureRainbow adventureLaser tag birthday celebrationAdult birthday calebrationLaser tag adult birthday celebration Package* Perfect dayRetracing the So\u010da frontWar and peaceMagical Gori\u0161ka brdaTwo Goricas two &hellip;\" \/>\n<meta property=\"og:url\" content=\"https:\/\/socafunpark.si\/en\/inquiry\/\" \/>\n<meta property=\"og:site_name\" content=\"So\u010da Fun Park\" \/>\n<meta property=\"article:modified_time\" content=\"2022-01-29T21:08:56+00:00\" \/>\n<meta name=\"twitter:card\" content=\"summary_large_image\" \/>\n<script type=\"application\/ld+json\" class=\"yoast-schema-graph\">{\"@context\":\"https:\/\/schema.org\",\"@graph\":[{\"@type\":\"WebPage\",\"@id\":\"https:\/\/socafunpark.si\/en\/inquiry\/\",\"url\":\"https:\/\/socafunpark.si\/en\/inquiry\/\",\"name\":\"Inquiry - So\u010da Fun Park\",\"isPartOf\":{\"@id\":\"https:\/\/socafunpark.si\/it\/#website\"},\"datePublished\":\"2017-01-16T23:05:32+00:00\",\"dateModified\":\"2022-01-29T21:08:56+00:00\",\"breadcrumb\":{\"@id\":\"https:\/\/socafunpark.si\/en\/inquiry\/#breadcrumb\"},\"inLanguage\":\"en-US\",\"potentialAction\":[{\"@type\":\"ReadAction\",\"target\":[\"https:\/\/socafunpark.si\/en\/inquiry\/\"]}]},{\"@type\":\"BreadcrumbList\",\"@id\":\"https:\/\/socafunpark.si\/en\/inquiry\/#breadcrumb\",\"itemListElement\":[{\"@type\":\"ListItem\",\"position\":1,\"name\":\"Home\",\"item\":\"https:\/\/socafunpark.si\/en\/\"},{\"@type\":\"ListItem\",\"position\":2,\"name\":\"Inquiry\"}]},{\"@type\":\"WebSite\",\"@id\":\"https:\/\/socafunpark.si\/it\/#website\",\"url\":\"https:\/\/socafunpark.si\/it\/\",\"name\":\"So\u010da Fun Park\",\"description\":\"So\u010da Fun Park je pustolovski park namenjen zabavi za vso dru\u017eino. V parku se boste lahko iz tal dvignili med drevesne kro\u0161nje in se odpravili na pravo popotovanje med drevesi.\",\"potentialAction\":[{\"@type\":\"SearchAction\",\"target\":{\"@type\":\"EntryPoint\",\"urlTemplate\":\"https:\/\/socafunpark.si\/it\/?s={search_term_string}\"},\"query-input\":{\"@type\":\"PropertyValueSpecification\",\"valueRequired\":true,\"valueName\":\"search_term_string\"}}],\"inLanguage\":\"en-US\"}]}<\/script>\n<!-- \/ Yoast SEO plugin. -->","yoast_head_json":{"title":"Inquiry - So\u010da Fun Park","robots":{"index":"index","follow":"follow","max-snippet":"max-snippet:-1","max-image-preview":"max-image-preview:large","max-video-preview":"max-video-preview:-1"},"canonical":"https:\/\/socafunpark.si\/en\/inquiry\/","og_locale":"en_US","og_type":"article","og_title":"Inquiry - So\u010da Fun Park","og_description":"General information First and last name* E-mail* Phone* Date you'd like to book* Chosen group tour Tour* &#8212;Please choose an option&#8212;Adventurous birthday celebrationSingle day adventureFamily and cycling experiencesTailormade tour Package* Orange adventureYellow adventureRainbow adventureLaser tag birthday celebrationAdult birthday calebrationLaser tag adult birthday celebration Package* Perfect dayRetracing the So\u010da frontWar and peaceMagical Gori\u0161ka brdaTwo Goricas two &hellip;","og_url":"https:\/\/socafunpark.si\/en\/inquiry\/","og_site_name":"So\u010da Fun Park","article_modified_time":"2022-01-29T21:08:56+00:00","twitter_card":"summary_large_image","schema":{"@context":"https:\/\/schema.org","@graph":[{"@type":"WebPage","@id":"https:\/\/socafunpark.si\/en\/inquiry\/","url":"https:\/\/socafunpark.si\/en\/inquiry\/","name":"Inquiry - So\u010da Fun Park","isPartOf":{"@id":"https:\/\/socafunpark.si\/it\/#website"},"datePublished":"2017-01-16T23:05:32+00:00","dateModified":"2022-01-29T21:08:56+00:00","breadcrumb":{"@id":"https:\/\/socafunpark.si\/en\/inquiry\/#breadcrumb"},"inLanguage":"en-US","potentialAction":[{"@type":"ReadAction","target":["https:\/\/socafunpark.si\/en\/inquiry\/"]}]},{"@type":"BreadcrumbList","@id":"https:\/\/socafunpark.si\/en\/inquiry\/#breadcrumb","itemListElement":[{"@type":"ListItem","position":1,"name":"Home","item":"https:\/\/socafunpark.si\/en\/"},{"@type":"ListItem","position":2,"name":"Inquiry"}]},{"@type":"WebSite","@id":"https:\/\/socafunpark.si\/it\/#website","url":"https:\/\/socafunpark.si\/it\/","name":"So\u010da Fun Park","description":"So\u010da Fun Park je pustolovski park namenjen zabavi za vso dru\u017eino. V parku se boste lahko iz tal dvignili med drevesne kro\u0161nje in se odpravili na pravo popotovanje med drevesi.","potentialAction":[{"@type":"SearchAction","target":{"@type":"EntryPoint","urlTemplate":"https:\/\/socafunpark.si\/it\/?s={search_term_string}"},"query-input":{"@type":"PropertyValueSpecification","valueRequired":true,"valueName":"search_term_string"}}],"inLanguage":"en-US"}]}},"_links":{"self":[{"href":"https:\/\/socafunpark.si\/en\/wp-json\/wp\/v2\/pages\/1656\/"}],"collection":[{"href":"https:\/\/socafunpark.si\/en\/wp-json\/wp\/v2\/pages\/"}],"about":[{"href":"https:\/\/socafunpark.si\/en\/wp-json\/wp\/v2\/types\/page\/"}],"author":[{"embeddable":true,"href":"https:\/\/socafunpark.si\/en\/wp-json\/wp\/v2\/users\/1\/"}],"replies":[{"embeddable":true,"href":"https:\/\/socafunpark.si\/en\/wp-json\/wp\/v2\/comments\/?post=1656"}],"version-history":[{"count":2,"href":"https:\/\/socafunpark.si\/en\/wp-json\/wp\/v2\/pages\/1656\/revisions\/"}],"predecessor-version":[{"id":12078,"href":"https:\/\/socafunpark.si\/en\/wp-json\/wp\/v2\/pages\/1656\/revisions\/12078\/"}],"wp:attachment":[{"href":"https:\/\/socafunpark.si\/en\/wp-json\/wp\/v2\/media\/?parent=1656"}],"curies":[{"name":"wp","href":"https:\/\/api.w.org\/{rel}","templated":true}]}}